{"id":822,"date":"2025-12-15T15:45:29","date_gmt":"2025-12-15T14:45:29","guid":{"rendered":"https:\/\/pagora-media.fr\/Groupe3\/?page_id=822"},"modified":"2026-01-06T13:00:19","modified_gmt":"2026-01-06T12:00:19","slug":"coordonnees-plan-dacces","status":"publish","type":"page","link":"https:\/\/pagora-media.fr\/Groupe3\/coordonnees-plan-dacces\/","title":{"rendered":"O\u00f9 nous trouver ?"},"content":{"rendered":"\n<h2 class=\"wp-block-heading has-text-align-center has-colibri-color-6-color has-text-color has-link-color wp-elements-86df11f46ceeb3ab6fc1c564bab239ea\">Infos pratiques<\/h2>\n\n\n\n<p class=\"has-text-align-center has-colibri-color-6-color has-text-color has-link-color wp-elements-4a8fa32f5729f6a759895815fd4f8cc4\"><strong>Horaires de visite<\/strong> : du Lundi au Samedi de 10h \u00e0 18h<\/p>\n\n\n\n<p class=\"has-text-align-center has-colibri-color-6-color has-text-color has-link-color wp-elements-f4a089d1f7c619f6a812983d87f738cf\"><strong>Adresse<\/strong> : Domaine Finot, Chemin de l&rsquo;Etraire 38190 Bernin<\/p>\n\n\n\n<p class=\"has-text-align-center has-colibri-color-6-color has-text-color has-link-color wp-elements-a21672eadc6a212e3c45bea2f3b25c24\"><strong>T\u00e9l\u00e9phone<\/strong> : 09 82 45 56 77<\/p>\n\n\n\n<p class=\"has-text-align-center has-colibri-color-6-color has-text-color has-link-color wp-elements-68e505d4ff77faf73a68604e6cfc2761\"><strong>Email<\/strong> : thomas@domaine-finot.com<\/p>\n\n\n\n<h2 class=\"wp-block-heading has-text-align-center has-colibri-color-6-color has-text-color has-link-color wp-elements-78a01e421834fc4ad2c23d8c20dcfcec\">Comment se rendre au domaine ?<\/h2>\n\n\n\n<div class=\"wp-block-columns carte is-layout-flex wp-container-core-columns-is-layout-9d6595d7 wp-block-columns-is-layout-flex\">\n<div class=\"wp-block-column is-vertically-aligned-center is-layout-flow wp-block-column-is-layout-flow\">\n<h4 class=\"wp-block-heading has-text-align-center has-colibri-color-6-color has-text-color has-link-color has-medium-font-size wp-elements-1d2a8c09d9e4c914108ad6d6d2b67e18\">En voiture<\/h4>\n\n\n\n<ul class=\"wp-block-list\">\n<li class=\"has-colibri-color-6-color has-text-color has-link-color wp-elements-1fed1db8196150c101f6d50d32183731\"><strong>Depuis Grenoble<\/strong> : 25 min via l&rsquo;A41 puis D30 et D1090 en direction de Bernin<\/li>\n\n\n\n<li class=\"has-colibri-color-6-color has-text-color has-link-color wp-elements-b4ef1c2bb9866f8801fc102ac75b8a04\"><strong>Depuis Chamb\u00e9ry<\/strong> : 45 min via l&rsquo;A41<\/li>\n\n\n\n<li class=\"has-colibri-color-6-color has-text-color has-link-color wp-elements-606c3507e60384ee54688553c92f5cf3\"><strong>Depuis Lyon\/Valence<\/strong> : 2h\/1h30 min via l&rsquo;A48\/A49 puis rejoindre l&rsquo;A41 en direction de Chamb\u00e9ry<\/li>\n<\/ul>\n\n\n\n<h4 class=\"wp-block-heading has-text-align-center has-colibri-color-6-color has-text-color has-link-color has-medium-font-size wp-elements-b1106d6a1eb65930f0a024fb0f66a905\">En transport en commun :<\/h4>\n\n\n\n<ul class=\"wp-block-list\">\n<li class=\"has-colibri-color-6-color has-text-color has-link-color wp-elements-df1f2d36503117843004d603fc2ceefc\"><strong>Bus<\/strong> : 50 min via la Ligne 80, sortie \u00e0 l&rsquo;arr\u00eat \u00ab\u00a0Croix des Varvoux\u00a0\u00bb puis 5 mns de marche<\/li>\n\n\n\n<li class=\"has-colibri-color-6-color has-text-color has-link-color wp-elements-054a4707d9599a80e7136e2fb9af755f\"><strong>Train<\/strong> : Gare la plus proche \u00ab\u00a0Grenoble &#8211; Gi\u00e8res Universit\u00e9s\u00a0\u00bb<\/li>\n<\/ul>\n<\/div>\n\n\n\n<div class=\"wp-block-column is-vertically-aligned-center is-layout-flow wp-block-column-is-layout-flow\">\n<iframe src=\"https:\/\/www.google.com\/maps\/embed?pb=!1m18!1m12!1m3!1d5616.0712289099165!2d5.86313367659818!3d45.26729084655483!2m3!1f0!2f0!3f0!3m2!1i1024!2i768!4f13.1!3m3!1m2!1s0x478a59baaadfb09f%3A0x3e501abc7cc661f5!2sEarl%20Domaine%20Finot!5e0!3m2!1sfr!2sfr!4v1767700407315!5m2!1sfr!2sfr\" width=\"600\" height=\"450\" style=\"border:0;\" allowfullscreen=\"\" loading=\"lazy\" referrerpolicy=\"no-referrer-when-downgrade\"><\/iframe>\n<\/div>\n<\/div>\n\n\n\n<p><\/p>\n","protected":false},"excerpt":{"rendered":"<p>Infos pratiques Horaires de visite : du Lundi au Samedi de 10h \u00e0 18h Adresse : Domaine Finot, Chemin de l&rsquo;Etraire 38190 Bernin T\u00e9l\u00e9phone : 09 82 45 56 77 Email : thomas@domaine-finot.com Comment se rendre au domaine ? En voiture En transport en commun :<\/p>\n","protected":false},"author":1,"featured_media":0,"parent":0,"menu_order":0,"comment_status":"closed","ping_status":"closed","template":"","meta":{"footnotes":""},"class_list":["post-822","page","type-page","status-publish","hentry"],"_links":{"self":[{"href":"https:\/\/pagora-media.fr\/Groupe3\/wp-json\/wp\/v2\/pages\/822","targetHints":{"allow":["GET"]}}],"collection":[{"href":"https:\/\/pagora-media.fr\/Groupe3\/wp-json\/wp\/v2\/pages"}],"about":[{"href":"https:\/\/pagora-media.fr\/Groupe3\/wp-json\/wp\/v2\/types\/page"}],"author":[{"embeddable":true,"href":"https:\/\/pagora-media.fr\/Groupe3\/wp-json\/wp\/v2\/users\/1"}],"replies":[{"embeddable":true,"href":"https:\/\/pagora-media.fr\/Groupe3\/wp-json\/wp\/v2\/comments?post=822"}],"version-history":[{"count":17,"href":"https:\/\/pagora-media.fr\/Groupe3\/wp-json\/wp\/v2\/pages\/822\/revisions"}],"predecessor-version":[{"id":1384,"href":"https:\/\/pagora-media.fr\/Groupe3\/wp-json\/wp\/v2\/pages\/822\/revisions\/1384"}],"wp:attachment":[{"href":"https:\/\/pagora-media.fr\/Groupe3\/wp-json\/wp\/v2\/media?parent=822"}],"curies":[{"name":"wp","href":"https:\/\/api.w.org\/{rel}","templated":true}]}}