{"id":74,"date":"2025-12-10T13:53:30","date_gmt":"2025-12-10T12:53:30","guid":{"rendered":"https:\/\/pagora-media.fr\/Groupe3\/?page_id=74"},"modified":"2026-01-06T13:43:59","modified_gmt":"2026-01-06T12:43:59","slug":"actualites","status":"publish","type":"page","link":"https:\/\/pagora-media.fr\/Groupe3\/actualites\/","title":{"rendered":"ACTUALITES"},"content":{"rendered":"\n<h1 class=\"wp-block-heading alignwide has-text-align-center\">\ud83c\udf77D\u00e9gustation Hiver 2026 : r\u00e9servez votre place !<\/h1>\n\n\n\n<p><\/p>\n\n\n\n<p class=\"has-text-align-center\"><strong>Nous sommes ravis de vous convier \u00e0 notre premier \u00e9v\u00e9nement exclusif. Venez rencontrer nous rencontrer, d\u00e9guster nos crus, et \u00e9changer sur notre approche \u00e9coresponsable. Attention, les places sont limit\u00e9es <\/strong>!<\/p>\n\n\n\n<div class=\"wp-block-contact-form-7-contact-form-selector\">\n<div class=\"wpcf7 no-js\" id=\"wpcf7-f361-o1\" lang=\"fr-FR\" dir=\"ltr\" data-wpcf7-id=\"361\">\n<div class=\"screen-reader-response\"><p role=\"status\" aria-live=\"polite\" aria-atomic=\"true\"><\/p> <ul><\/ul><\/div>\n<form action=\"\/Groupe3\/wp-json\/wp\/v2\/pages\/74#wpcf7-f361-o1\" method=\"post\" class=\"wpcf7-form init\" aria-label=\"Formulaire de contact\" novalidate=\"novalidate\" data-status=\"init\">\n<fieldset class=\"hidden-fields-container\"><input type=\"hidden\" name=\"_wpcf7\" value=\"361\" \/><input type=\"hidden\" name=\"_wpcf7_version\" value=\"6.1.4\" \/><input type=\"hidden\" name=\"_wpcf7_locale\" value=\"fr_FR\" \/><input type=\"hidden\" name=\"_wpcf7_unit_tag\" value=\"wpcf7-f361-o1\" \/><input type=\"hidden\" name=\"_wpcf7_container_post\" value=\"0\" \/><input type=\"hidden\" name=\"_wpcf7_posted_data_hash\" value=\"\" \/><input type=\"hidden\" name=\"_wpcf7dtx_version\" value=\"5.0.4\" \/>\n<\/fieldset>\n<p><label> Votre Nom (obligatoire)<br \/>\n<span class=\"wpcf7-form-control-wrap\" data-name=\"your-name\"><input size=\"40\" maxlength=\"400\" class=\"wpcf7-form-control wpcf7-text wpcf7-validates-as-required\" aria-required=\"true\" aria-invalid=\"false\" value=\"\" type=\"text\" name=\"your-name\" \/><\/span><br \/>\n<\/label>\n<\/p>\n<p><label> Votre Pr\u00e9nom (obligatoire)<br \/>\n<span class=\"wpcf7-form-control-wrap\" data-name=\"your-firstname\"><input size=\"40\" maxlength=\"400\" class=\"wpcf7-form-control wpcf7-text wpcf7-validates-as-required\" aria-required=\"true\" aria-invalid=\"false\" value=\"\" type=\"text\" name=\"your-firstname\" \/><\/span><br \/>\n<\/label>\n<\/p>\n<p><label> Votre e-mail (obligatoire)<br \/>\n<span class=\"wpcf7-form-control-wrap\" data-name=\"your-email\"><input size=\"40\" maxlength=\"400\" class=\"wpcf7-form-control wpcf7-email wpcf7-validates-as-required wpcf7-text wpcf7-validates-as-email\" aria-required=\"true\" aria-invalid=\"false\" value=\"\" type=\"email\" name=\"your-email\" \/><\/span><br \/>\n<\/label>\n<\/p>\n<p><label> Votre Num\u00e9ro de t\u00e9l\u00e9phone<br \/>\n<span class=\"wpcf7-form-control-wrap\" data-name=\"your-phone\"><input size=\"40\" maxlength=\"400\" class=\"wpcf7-form-control wpcf7-tel wpcf7-text wpcf7-validates-as-tel\" aria-invalid=\"false\" value=\"\" type=\"tel\" name=\"your-phone\" \/><\/span><br \/>\n<\/label>\n<\/p>\n<p><label> Votre Message<br \/>\n<span class=\"wpcf7-form-control-wrap\" data-name=\"your-message\"><textarea cols=\"40\" rows=\"10\" maxlength=\"2000\" class=\"wpcf7-form-control wpcf7-textarea\" aria-invalid=\"false\" name=\"your-message\"><\/textarea><\/span><br \/>\n<\/label>\n<\/p>\n<p><input class=\"wpcf7-form-control wpcf7-submit has-spinner\" type=\"submit\" value=\"Envoyer\" \/>\n<\/p><div class=\"wpcf7-response-output\" aria-hidden=\"true\"><\/div>\n<\/form>\n<\/div>\n<\/div>\n\n\n\n<div class=\"wp-block-group has-colibri-color-5-background-color has-background\"><div class=\"wp-block-group__inner-container is-layout-constrained wp-block-group-is-layout-constrained\">\n<div class=\"wp-block-columns is-layout-flex wp-container-core-columns-is-layout-9d6595d7 wp-block-columns-is-layout-flex\">\n<div class=\"wp-block-column is-vertically-aligned-center is-layout-flow wp-block-column-is-layout-flow\" style=\"flex-basis:33.33%\">\n<figure class=\"wp-block-image size-full is-style-rounded\"><img loading=\"lazy\" decoding=\"async\" width=\"895\" height=\"435\" src=\"https:\/\/pagora-media.fr\/Groupe3\/wp-content\/uploads\/2025\/12\/vendanges-gresivaudan-domaine-finotfrederick-pattou-24-895x435-1737369813.jpg\" alt=\"\" class=\"wp-image-999\" srcset=\"https:\/\/pagora-media.fr\/Groupe3\/wp-content\/uploads\/2025\/12\/vendanges-gresivaudan-domaine-finotfrederick-pattou-24-895x435-1737369813.jpg 895w, https:\/\/pagora-media.fr\/Groupe3\/wp-content\/uploads\/2025\/12\/vendanges-gresivaudan-domaine-finotfrederick-pattou-24-895x435-1737369813-300x146.jpg 300w, https:\/\/pagora-media.fr\/Groupe3\/wp-content\/uploads\/2025\/12\/vendanges-gresivaudan-domaine-finotfrederick-pattou-24-895x435-1737369813-768x373.jpg 768w\" sizes=\"auto, (max-width: 895px) 100vw, 895px\" \/><\/figure>\n<\/div>\n\n\n\n<div class=\"wp-block-column is-layout-flow wp-block-column-is-layout-flow\" style=\"flex-basis:66.66%\">\n<h3 class=\"wp-block-heading\">Thomas Finot, un vigneron \u00e9co-responsable<\/h3>\n\n\n\n<p class=\"has-text-color has-link-color wp-elements-790cecc7995ccecf57d85aef330578d8\" style=\"color:#5050509c\">Publi\u00e9 le 15 octobre 2025<\/p>\n\n\n\n<p>D\u00e9couvrez le parcours et l&rsquo;engagement de Thomas Finot pour une viticulture durable au c\u0153ur des Alpes\u2026<\/p>\n\n\n\n<div class=\"wp-block-buttons is-horizontal is-content-justification-left is-layout-flex wp-container-core-buttons-is-layout-c39e78a4 wp-block-buttons-is-layout-flex\">\n<div class=\"wp-block-button\"><a class=\"wp-block-button__link has-background wp-element-button\" href=\"https:\/\/www.alpes-isere.com\/saveurs\/producteurs\/thomas-finot-vigneron-eco-responsable\/\" style=\"background-color:#5c1a1a\">Lire l&rsquo;article<\/a><\/div>\n<\/div>\n<\/div>\n<\/div>\n<\/div><\/div>\n","protected":false},"excerpt":{"rendered":"<p>\ud83c\udf77D\u00e9gustation Hiver 2026 : r\u00e9servez votre place ! Nous sommes ravis de vous convier \u00e0 notre premier \u00e9v\u00e9nement exclusif. Venez rencontrer nous rencontrer, d\u00e9guster nos crus, et \u00e9changer sur notre approche \u00e9coresponsable. Attention, les places sont limit\u00e9es ! Thomas Finot, un vigneron \u00e9co-responsable Publi\u00e9 le 15 octobre 2025 D\u00e9couvrez le parcours et l&rsquo;engagement de Thomas [&hellip;]<\/p>\n","protected":false},"author":1,"featured_media":0,"parent":0,"menu_order":0,"comment_status":"closed","ping_status":"closed","template":"","meta":{"footnotes":""},"class_list":["post-74","page","type-page","status-publish","hentry"],"_links":{"self":[{"href":"https:\/\/pagora-media.fr\/Groupe3\/wp-json\/wp\/v2\/pages\/74","targetHints":{"allow":["GET"]}}],"collection":[{"href":"https:\/\/pagora-media.fr\/Groupe3\/wp-json\/wp\/v2\/pages"}],"about":[{"href":"https:\/\/pagora-media.fr\/Groupe3\/wp-json\/wp\/v2\/types\/page"}],"author":[{"embeddable":true,"href":"https:\/\/pagora-media.fr\/Groupe3\/wp-json\/wp\/v2\/users\/1"}],"replies":[{"embeddable":true,"href":"https:\/\/pagora-media.fr\/Groupe3\/wp-json\/wp\/v2\/comments?post=74"}],"version-history":[{"count":31,"href":"https:\/\/pagora-media.fr\/Groupe3\/wp-json\/wp\/v2\/pages\/74\/revisions"}],"predecessor-version":[{"id":1404,"href":"https:\/\/pagora-media.fr\/Groupe3\/wp-json\/wp\/v2\/pages\/74\/revisions\/1404"}],"wp:attachment":[{"href":"https:\/\/pagora-media.fr\/Groupe3\/wp-json\/wp\/v2\/media?parent=74"}],"curies":[{"name":"wp","href":"https:\/\/api.w.org\/{rel}","templated":true}]}}