{"id":143,"date":"2025-12-09T15:38:58","date_gmt":"2025-12-09T14:38:58","guid":{"rendered":"https:\/\/pagora-media.fr\/Groupe3\/?page_id=143"},"modified":"2025-12-16T12:38:14","modified_gmt":"2025-12-16T11:38:14","slug":"blancs","status":"publish","type":"page","link":"https:\/\/pagora-media.fr\/Groupe3\/blancs\/","title":{"rendered":"BLANCS"},"content":{"rendered":"<div data-colibri-id=\"143-c1\" class=\"style-423 style-local-143-c1 position-relative\">\n  <!---->\n  <div data-colibri-component=\"section\" data-colibri-id=\"143-c2\" id=\"about\" class=\"h-section h-section-global-spacing d-flex align-items-lg-center align-items-md-center align-items-center style-424 style-local-143-c2 position-relative\">\n    <!---->\n    <!---->\n    <div class=\"h-section-grid-container h-section-boxed-container\">\n      <!---->\n      <div data-colibri-id=\"143-c3\" class=\"h-row-container gutters-row-lg-0 gutters-row-md-0 gutters-row-0 gutters-row-v-lg-0 gutters-row-v-md-0 gutters-row-v-0 style-425 style-local-143-c3 position-relative\">\n        <!---->\n        <div class=\"h-row justify-content-lg-center justify-content-md-center justify-content-center align-items-lg-stretch align-items-md-stretch align-items-stretch gutters-col-lg-0 gutters-col-md-0 gutters-col-0 gutters-col-v-lg-0 gutters-col-v-md-0 gutters-col-v-0\">\n          <!---->\n          <div class=\"h-column h-column-container d-flex h-col-lg-auto h-col-md-auto h-col-auto style-426-outer style-local-143-c4-outer\">\n            <div data-colibri-id=\"143-c4\" class=\"d-flex h-flex-basis h-column__inner h-px-lg-0 h-px-md-0 h-px-0 v-inner-lg-0 v-inner-md-0 v-inner-0 style-426 style-local-143-c4 position-relative\">\n              <!---->\n              <!---->\n              <div class=\"w-100 h-y-container h-column__content h-column__v-align flex-basis-100 align-self-lg-start align-self-md-start align-self-start\">\n                <!---->\n                <div data-colibri-id=\"143-c5\" class=\"h-lead h-text h-text-component style-429 style-local-143-c5 position-relative h-element\">\n                  <!---->\n                  <!---->\n                  <div class=\"\">\n                    <h3><strong>Verdesse 2024<\/strong><\/h3>\n                    <p>Un vin 100% Verdesse au style aromatique et lumineux.\n                      <br> Notes de <strong>fruits blancs<\/strong>, d\u2019<strong>agrumes<\/strong> et de <strong>fines fleurs<\/strong>, avec une bouche fra\u00eeche et \u00e9quilibr\u00e9e.<\/p>\n                    <p>Origine : <strong>Is\u00e8re \u2013 France<\/strong>\n                      <br> Alcool : <strong>13%<\/strong>\n                      <br> C\u00e9page : <strong>Verdesse<\/strong>\n                      <br> Domaine : <strong>Domaine Finot<\/strong><\/p>\n                  <\/div>\n                <\/div>\n              <\/div>\n            <\/div>\n          <\/div>\n          <div class=\"h-column h-column-container d-flex h-col-lg-auto h-col-md-auto h-col-auto style-430-outer style-local-143-c6-outer\">\n            <div data-colibri-id=\"143-c6\" class=\"d-flex h-flex-basis h-column__inner h-ui-empty-state-container h-px-lg-2 h-px-md-2 h-px-2 v-inner-lg-2 v-inner-md-2 v-inner-2 style-430 style-local-143-c6 position-relative\">\n              <!---->\n              <!---->\n              <div class=\"w-100 h-y-container h-column__content h-column__v-align flex-basis-100\">\n                <!---->\n              <\/div>\n            <\/div>\n          <\/div>\n        <\/div>\n      <\/div>\n    <\/div>\n  <\/div>\n  <div data-colibri-component=\"section\" data-colibri-id=\"143-c7\" id=\"about-2\" class=\"h-section h-section-global-spacing d-flex align-items-lg-center align-items-md-center align-items-center style-431 style-local-143-c7 position-relative\">\n    <!---->\n    <!---->\n    <div class=\"h-section-grid-container h-section-boxed-container\">\n      <!---->\n      <div data-colibri-id=\"143-c8\" class=\"h-row-container gutters-row-lg-0 gutters-row-md-0 gutters-row-0 gutters-row-v-lg-0 gutters-row-v-md-0 gutters-row-v-0 style-432 style-local-143-c8 position-relative\">\n        <!---->\n        <div class=\"h-row justify-content-lg-center justify-content-md-center justify-content-center align-items-lg-stretch align-items-md-stretch align-items-stretch gutters-col-lg-0 gutters-col-md-0 gutters-col-0 gutters-col-v-lg-0 gutters-col-v-md-0 gutters-col-v-0\">\n          <!---->\n          <div class=\"h-column h-column-container d-flex h-col-lg-auto h-col-md-auto h-col-auto style-433-outer style-local-143-c9-outer\">\n            <div data-colibri-id=\"143-c9\" class=\"d-flex h-flex-basis h-column__inner h-ui-empty-state-container h-px-lg-0 h-px-md-0 h-px-0 v-inner-lg-0 v-inner-md-0 v-inner-0 style-433 style-local-143-c9 position-relative\">\n              <!---->\n              <!---->\n              <div class=\"w-100 h-y-container h-column__content h-column__v-align flex-basis-100\">\n                <!---->\n              <\/div>\n            <\/div>\n          <\/div>\n          <div class=\"h-column h-column-container d-flex h-col-lg-auto h-col-md-auto h-col-auto style-434-outer style-local-143-c10-outer\">\n            <div data-colibri-id=\"143-c10\" class=\"d-flex h-flex-basis h-column__inner h-px-lg-2 h-px-md-2 h-px-2 v-inner-lg-2 v-inner-md-2 v-inner-2 style-434 style-local-143-c10 position-relative\">\n              <!---->\n              <!---->\n              <div class=\"w-100 h-y-container h-column__content h-column__v-align flex-basis-100 align-self-lg-start align-self-md-start align-self-start\">\n                <!---->\n                <div data-colibri-id=\"143-c11\" class=\"h-lead h-text h-text-component style-437 style-local-143-c11 position-relative h-element\">\n                  <!---->\n                  <!---->\n                  <div class=\"\">\n                    <h3><strong>Tracteur Blanc 2023 <\/strong><\/h3>\n                    <p>Un assemblage Chardonnay\u2013Jacqu\u00e8re au style frais et l\u00e9ger.\n                      <br> Notes de <strong>fruits blancs<\/strong>, d\u2019<strong>agrumes<\/strong> et une bouche souple, facile \u00e0 boire et rafra\u00eechissante.<\/p>\n                    <p>Origine : <strong>Is\u00e8re \u2013 France<\/strong>\n                      <br> Alcool : <strong>11,5%<\/strong>\n                      <br> C\u00e9pages : <strong>Chardonnay, Jacqu\u00e8re<\/strong>\n                      <br> Domaine : <strong>Domaine Finot<\/strong><\/p>\n                  <\/div>\n                <\/div>\n              <\/div>\n            <\/div>\n          <\/div>\n        <\/div>\n      <\/div>\n    <\/div>\n  <\/div>\n  <div data-colibri-component=\"section\" data-colibri-id=\"143-c12\" id=\"about-3\" class=\"h-section h-section-global-spacing d-flex align-items-lg-center align-items-md-center align-items-center style-438 style-local-143-c12 position-relative\">\n    <!---->\n    <!---->\n    <div class=\"h-section-grid-container h-section-boxed-container\">\n      <!---->\n      <div data-colibri-id=\"143-c13\" class=\"h-row-container gutters-row-lg-0 gutters-row-md-0 gutters-row-0 gutters-row-v-lg-0 gutters-row-v-md-0 gutters-row-v-0 style-439 style-local-143-c13 position-relative\">\n        <!---->\n        <div class=\"h-row justify-content-lg-center justify-content-md-center justify-content-center align-items-lg-stretch align-items-md-stretch align-items-stretch gutters-col-lg-0 gutters-col-md-0 gutters-col-0 gutters-col-v-lg-0 gutters-col-v-md-0 gutters-col-v-0\">\n          <!---->\n          <div class=\"h-column h-column-container d-flex h-col-lg-auto h-col-md-auto h-col-auto style-440-outer style-local-143-c14-outer\">\n            <div data-colibri-id=\"143-c14\" class=\"d-flex h-flex-basis h-column__inner h-px-lg-0 h-px-md-0 h-px-0 v-inner-lg-0 v-inner-md-0 v-inner-0 style-440 style-local-143-c14 position-relative\">\n              <!---->\n              <!---->\n              <div class=\"w-100 h-y-container h-column__content h-column__v-align flex-basis-100 align-self-lg-start align-self-md-start align-self-start\">\n                <!---->\n                <div data-colibri-id=\"143-c15\" class=\"h-lead h-text h-text-component style-443 style-local-143-c15 position-relative h-element\">\n                  <!---->\n                  <!---->\n                  <div class=\"\">\n                    <h3><strong>Chardonnay 2024<\/strong><\/h3>\n                    <p>Un Chardonnay au style frais et expressif.\n                      <br> Notes de <strong>fruits blancs<\/strong>, de <strong>fleurs<\/strong> et une bouche ronde avec une belle vivacit\u00e9.<\/p>\n                    <p>Origine : <strong>Is\u00e8re \u2013 France<\/strong>\n                      <br> Alcool : <strong>13,3%<\/strong>\n                      <br> C\u00e9page : <strong>Chardonnay<\/strong>\n                      <br> Domaine : <strong>Domaine Finot<\/strong><\/p>\n                  <\/div>\n                <\/div>\n              <\/div>\n            <\/div>\n          <\/div>\n          <div class=\"h-column h-column-container d-flex h-col-lg-auto h-col-md-auto h-col-auto style-444-outer style-local-143-c16-outer\">\n            <div data-colibri-id=\"143-c16\" class=\"d-flex h-flex-basis h-column__inner h-ui-empty-state-container h-px-lg-2 h-px-md-2 h-px-2 v-inner-lg-2 v-inner-md-2 v-inner-2 style-444 style-local-143-c16 position-relative\">\n              <!---->\n              <!---->\n              <div class=\"w-100 h-y-container h-column__content h-column__v-align flex-basis-100\">\n                <!---->\n              <\/div>\n            <\/div>\n          <\/div>\n        <\/div>\n      <\/div>\n    <\/div>\n  <\/div>\n<\/div>","protected":false},"excerpt":{"rendered":"<p>Verdesse 2024 Un vin 100% Verdesse au style aromatique et lumineux. Notes de fruits blancs, d\u2019agrumes et de fines fleurs, avec une bouche fra\u00eeche et \u00e9quilibr\u00e9e. Origine : Is\u00e8re \u2013 France Alcool : 13% C\u00e9page : Verdesse Domaine : Domaine Finot Tracteur Blanc 2023 Un assemblage Chardonnay\u2013Jacqu\u00e8re au style frais et l\u00e9ger. Notes de fruits [&hellip;]<\/p>\n","protected":false},"author":1,"featured_media":0,"parent":0,"menu_order":0,"comment_status":"closed","ping_status":"closed","template":"page-templates\/full-width-page.php","meta":{"footnotes":""},"class_list":["post-143","page","type-page","status-publish","hentry"],"_links":{"self":[{"href":"https:\/\/pagora-media.fr\/Groupe3\/wp-json\/wp\/v2\/pages\/143","targetHints":{"allow":["GET"]}}],"collection":[{"href":"https:\/\/pagora-media.fr\/Groupe3\/wp-json\/wp\/v2\/pages"}],"about":[{"href":"https:\/\/pagora-media.fr\/Groupe3\/wp-json\/wp\/v2\/types\/page"}],"author":[{"embeddable":true,"href":"https:\/\/pagora-media.fr\/Groupe3\/wp-json\/wp\/v2\/users\/1"}],"replies":[{"embeddable":true,"href":"https:\/\/pagora-media.fr\/Groupe3\/wp-json\/wp\/v2\/comments?post=143"}],"version-history":[{"count":8,"href":"https:\/\/pagora-media.fr\/Groupe3\/wp-json\/wp\/v2\/pages\/143\/revisions"}],"predecessor-version":[{"id":1195,"href":"https:\/\/pagora-media.fr\/Groupe3\/wp-json\/wp\/v2\/pages\/143\/revisions\/1195"}],"wp:attachment":[{"href":"https:\/\/pagora-media.fr\/Groupe3\/wp-json\/wp\/v2\/media?parent=143"}],"curies":[{"name":"wp","href":"https:\/\/api.w.org\/{rel}","templated":true}]}}