{"id":130,"date":"2025-12-10T13:58:54","date_gmt":"2025-12-10T12:58:54","guid":{"rendered":"https:\/\/pagora-media.fr\/Groupe3\/?page_id=130"},"modified":"2025-12-16T13:05:45","modified_gmt":"2025-12-16T12:05:45","slug":"finot-2","status":"publish","type":"page","link":"https:\/\/pagora-media.fr\/Groupe3\/finot-2\/","title":{"rendered":"Domaine Finot"},"content":{"rendered":"<div data-colibri-id=\"130-c1\" class=\"style-375 style-local-130-c1 position-relative\">\r\n  <!---->\r\n  <div data-colibri-component=\"section\" data-colibri-id=\"130-c2\" id=\"about\" class=\"h-section h-section-global-spacing d-flex align-items-lg-center align-items-md-center align-items-center style-380 style-local-130-c2 position-relative\">\r\n    <!---->\r\n    <!---->\r\n    <div class=\"h-section-grid-container h-section-boxed-container\">\r\n      <div data-colibri-id=\"130-c7\" class=\"h-row-container gutters-row-lg-2 gutters-row-md-2 gutters-row-2 gutters-row-v-lg-2 gutters-row-v-md-2 gutters-row-v-2 style-385 style-local-130-c7 position-relative\">\r\n        <!---->\r\n        <div class=\"h-row justify-content-lg-center justify-content-md-center justify-content-center align-items-lg-stretch align-items-md-stretch align-items-stretch gutters-col-lg-2 gutters-col-md-2 gutters-col-2 gutters-col-v-lg-2 gutters-col-v-md-2 gutters-col-v-2\">\r\n          <!---->\r\n          <div class=\"h-column h-column-container d-flex h-col-lg-auto h-col-md-auto h-col-auto style-386-outer style-local-130-c8-outer\">\r\n            <div data-colibri-id=\"130-c8\" class=\"d-flex h-flex-basis h-column__inner h-px-lg-2 h-px-md-2 h-px-2 v-inner-lg-2 v-inner-md-2 v-inner-2 style-386 style-local-130-c8 position-relative\">\r\n              <!---->\r\n              <!---->\r\n              <div class=\"w-100 h-y-container h-column__content h-column__v-align flex-basis-100 align-self-lg-start align-self-md-start align-self-start\">\r\n                <!---->\r\n                <div data-colibri-id=\"130-c9\" class=\"h-global-transition-all h-heading style-387 style-local-130-c9 position-relative h-element\">\r\n                  <!---->\r\n                  <div class=\"h-heading__outer style-387 style-local-130-c9\">\r\n                    <!---->\r\n                    <!---->\r\n                    <h5 class=\"\">Le Gr\u00e9sivaudan<\/h5>\r\n                  <\/div>\r\n                <\/div>\r\n                <div data-colibri-id=\"130-c10\" class=\"h-global-transition-all h-heading style-388 style-local-130-c10 position-relative h-element\">\r\n                  <!---->\r\n                  <div class=\"h-heading__outer style-388 style-local-130-c10\">\r\n                    <!---->\r\n                    <!---->\r\n                    <h5 class=\"\">En 2007, Thomas Finot, vigneron ayant aff\u00fbt\u00e9 son savoir-faire dans de nombreuses appellations, d\u00e9couvre le terroir du Gr\u00e9sivaudan, en Is\u00e8re, ainsi que son riche patrimoine viticole et son fort potentiel. Port\u00e9 par son enthousiasme\r\n                      et son expertise, il oriente naturellement sa production vers des vins de qualit\u00e9 issus de c\u00e9pages locaux et identitaires \u2014 la Verdesse en blanc, le Persan et l\u2019\u00c9traire de la Dhuy en rouge \u2014 tout en cultivant \u00e9galement des vari\u00e9t\u00e9s\r\n                      plus r\u00e9pandues comme le Pinot noir, le Chardonnay ou encore le Viognier.<\/h5>\r\n                  <\/div>\r\n                <\/div>\r\n              <\/div>\r\n            <\/div>\r\n          <\/div>\r\n        <\/div>\r\n      <\/div>\r\n      <div data-colibri-id=\"130-c3\" class=\"h-row-container gutters-row-lg-0 gutters-row-md-0 gutters-row-0 gutters-row-v-lg-0 gutters-row-v-md-0 gutters-row-v-0 style-381 style-local-130-c3 h-overflow-hidden position-relative\">\r\n        <!---->\r\n        <div class=\"h-row justify-content-lg-center justify-content-md-center justify-content-center align-items-lg-end align-items-md-end align-items-end gutters-col-lg-0 gutters-col-md-0 gutters-col-0 gutters-col-v-lg-0 gutters-col-v-md-0 gutters-col-v-0\">\r\n          <!---->\r\n          <div class=\"h-column h-column-container d-flex h-col-lg-auto h-col-md-auto h-col-auto align-self-lg-end align-self-md-end align-self-end style-382-outer style-local-130-c4-outer\">\r\n            <div data-colibri-id=\"130-c4\" class=\"d-flex h-flex-basis h-column__inner h-ui-empty-state-container h-px-lg-0 h-px-md-0 h-px-0 v-inner-lg-0 v-inner-md-0 v-inner-0 style-382 style-local-130-c4 position-relative\">\r\n              <!---->\r\n              <!---->\r\n              <div class=\"w-100 h-y-container h-column__content h-column__v-align flex-basis-100\">\r\n                <!---->\r\n              <\/div>\r\n            <\/div>\r\n          <\/div>\r\n          <div class=\"h-column h-column-container d-flex h-col-lg-auto h-col-md-auto h-col-auto align-self-lg-end align-self-md-end align-self-end style-383-outer style-local-130-c5-outer\">\r\n            <div data-colibri-id=\"130-c5\" class=\"d-flex h-flex-basis h-column__inner h-ui-empty-state-container h-px-lg-0 h-px-md-0 h-px-0 v-inner-lg-0 v-inner-md-0 v-inner-0 style-383 style-local-130-c5 position-relative\">\r\n              <!---->\r\n              <!---->\r\n              <div class=\"w-100 h-y-container h-column__content h-column__v-align flex-basis-100\">\r\n                <!---->\r\n              <\/div>\r\n            <\/div>\r\n          <\/div>\r\n          <div class=\"h-column h-column-container d-flex h-col-lg-auto h-col-md-auto h-col-auto align-self-lg-end align-self-md-end align-self-end style-384-outer style-local-130-c6-outer\">\r\n            <div data-colibri-id=\"130-c6\" class=\"d-flex h-flex-basis h-column__inner h-ui-empty-state-container h-px-lg-0 h-px-md-0 h-px-0 v-inner-lg-0 v-inner-md-0 v-inner-0 style-384 style-local-130-c6 position-relative\">\r\n              <!---->\r\n              <!---->\r\n              <div class=\"w-100 h-y-container h-column__content h-column__v-align flex-basis-100\">\r\n                <!---->\r\n              <\/div>\r\n            <\/div>\r\n          <\/div>\r\n        <\/div>\r\n      <\/div>\r\n    <\/div>\r\n  <\/div>\r\n<\/div>","protected":false},"excerpt":{"rendered":"<p>Le Gr\u00e9sivaudan En 2007, Thomas Finot, vigneron ayant aff\u00fbt\u00e9 son savoir-faire dans de nombreuses appellations, d\u00e9couvre le terroir du Gr\u00e9sivaudan, en Is\u00e8re, ainsi que son riche patrimoine viticole et son fort potentiel. Port\u00e9 par son enthousiasme et son expertise, il oriente naturellement sa production vers des vins de qualit\u00e9 issus de c\u00e9pages locaux et identitaires [&hellip;]<\/p>\n","protected":false},"author":1,"featured_media":0,"parent":0,"menu_order":0,"comment_status":"closed","ping_status":"closed","template":"page-templates\/full-width-page.php","meta":{"footnotes":""},"class_list":["post-130","page","type-page","status-publish","hentry"],"_links":{"self":[{"href":"https:\/\/pagora-media.fr\/Groupe3\/wp-json\/wp\/v2\/pages\/130","targetHints":{"allow":["GET"]}}],"collection":[{"href":"https:\/\/pagora-media.fr\/Groupe3\/wp-json\/wp\/v2\/pages"}],"about":[{"href":"https:\/\/pagora-media.fr\/Groupe3\/wp-json\/wp\/v2\/types\/page"}],"author":[{"embeddable":true,"href":"https:\/\/pagora-media.fr\/Groupe3\/wp-json\/wp\/v2\/users\/1"}],"replies":[{"embeddable":true,"href":"https:\/\/pagora-media.fr\/Groupe3\/wp-json\/wp\/v2\/comments?post=130"}],"version-history":[{"count":5,"href":"https:\/\/pagora-media.fr\/Groupe3\/wp-json\/wp\/v2\/pages\/130\/revisions"}],"predecessor-version":[{"id":1273,"href":"https:\/\/pagora-media.fr\/Groupe3\/wp-json\/wp\/v2\/pages\/130\/revisions\/1273"}],"wp:attachment":[{"href":"https:\/\/pagora-media.fr\/Groupe3\/wp-json\/wp\/v2\/media?parent=130"}],"curies":[{"name":"wp","href":"https:\/\/api.w.org\/{rel}","templated":true}]}}