{"id":351,"date":"2025-12-16T08:42:00","date_gmt":"2025-12-16T07:42:00","guid":{"rendered":"https:\/\/pagora-media.fr\/Groupe1\/?page_id=351"},"modified":"2025-12-16T08:42:58","modified_gmt":"2025-12-16T07:42:58","slug":"photos-et-videos","status":"publish","type":"page","link":"https:\/\/pagora-media.fr\/Groupe1\/photos-et-videos\/","title":{"rendered":"Photos et Vid\u00e9os"},"content":{"rendered":"\n<p>Les photos et vid\u00e9os du festival seront affich\u00e9es sur cette page apr\u00e8s l&rsquo;\u00e9v\u00e8nement.<\/p>\n\n\n\n<p><\/p>\n","protected":false},"excerpt":{"rendered":"<p>Les photos et vid\u00e9os du festival seront affich\u00e9es sur cette page apr\u00e8s l&rsquo;\u00e9v\u00e8nement.<\/p>\n","protected":false},"author":1,"featured_media":0,"parent":0,"menu_order":0,"comment_status":"closed","ping_status":"closed","template":"","meta":{"footnotes":""},"class_list":["post-351","page","type-page","status-publish","hentry"],"_links":{"self":[{"href":"https:\/\/pagora-media.fr\/Groupe1\/wp-json\/wp\/v2\/pages\/351","targetHints":{"allow":["GET"]}}],"collection":[{"href":"https:\/\/pagora-media.fr\/Groupe1\/wp-json\/wp\/v2\/pages"}],"about":[{"href":"https:\/\/pagora-media.fr\/Groupe1\/wp-json\/wp\/v2\/types\/page"}],"author":[{"embeddable":true,"href":"https:\/\/pagora-media.fr\/Groupe1\/wp-json\/wp\/v2\/users\/1"}],"replies":[{"embeddable":true,"href":"https:\/\/pagora-media.fr\/Groupe1\/wp-json\/wp\/v2\/comments?post=351"}],"version-history":[{"count":2,"href":"https:\/\/pagora-media.fr\/Groupe1\/wp-json\/wp\/v2\/pages\/351\/revisions"}],"predecessor-version":[{"id":354,"href":"https:\/\/pagora-media.fr\/Groupe1\/wp-json\/wp\/v2\/pages\/351\/revisions\/354"}],"wp:attachment":[{"href":"https:\/\/pagora-media.fr\/Groupe1\/wp-json\/wp\/v2\/media?parent=351"}],"curies":[{"name":"wp","href":"https:\/\/api.w.org\/{rel}","templated":true}]}}