{"id":220,"date":"2025-12-11T09:43:25","date_gmt":"2025-12-11T08:43:25","guid":{"rendered":"https:\/\/pagora-media.fr\/Groupe1\/?page_id=220"},"modified":"2025-12-17T11:45:24","modified_gmt":"2025-12-17T10:45:24","slug":"candidature-artists-commsound-jam-festival-2026","status":"publish","type":"page","link":"https:\/\/pagora-media.fr\/Groupe1\/candidature-artists-commsound-jam-festival-2026\/","title":{"rendered":"Candidaturees Artist &#8211; CommSound Jam Festival 2026"},"content":{"rendered":"<div class='fluentform ff-default fluentform_wrapper_3 ffs_default_wrap'><form data-form_id=\"3\" id=\"fluentform_3\" class=\"frm-fluent-form fluent_form_3 ff-el-form-top ff_form_instance_3_1 ff-form-loading ffs_default\" data-form_instance=\"ff_form_instance_3_1\" method=\"POST\" ><fieldset  style=\"border: none!important;margin: 0!important;padding: 0!important;background-color: transparent!important;box-shadow: none!important;outline: none!important; min-inline-size: 100%;\">\n                    <legend class=\"ff_screen_reader_title\" style=\"display: block; margin: 0!important;padding: 0!important;height: 0!important;text-indent: -999999px;width: 0!important;overflow:hidden;\">Festival Application Form<\/legend><input type='hidden' name='__fluent_form_embded_post_id' value='220' \/><input type=\"hidden\" id=\"_fluentform_3_fluentformnonce\" name=\"_fluentform_3_fluentformnonce\" value=\"27854be16e\" \/><input type=\"hidden\" name=\"_wp_http_referer\" value=\"\/Groupe1\/wp-json\/wp\/v2\/pages\/220\" \/><div data-type=\"name-element\" data-name=\"applicant_name\" class=\" ff-field_container ff-name-field-wrapper\" ><div class='ff-t-container'><div class='ff-t-cell '><div class='ff-el-group ff-el-form-top'><div class=\"ff-el-input--label ff-el-is-required asterisk-right\"><label for='ff_3_applicant_name_first_name_' id='label_ff_3_applicant_name_first_name_' >Nom du groupe<\/label><\/div><div class='ff-el-input--content'><input type=\"text\" name=\"applicant_name[first_name]\" id=\"ff_3_applicant_name_first_name_\" class=\"ff-el-form-control\" placeholder=\"nom du groupe\" aria-invalid=\"false\" aria-required=true><\/div><\/div><\/div><div class='ff-t-cell '><div class='ff-el-group ff-el-form-top'><div class=\"ff-el-input--label ff-el-is-required asterisk-right\"><label for='ff_3_applicant_name_last_name_' id='label_ff_3_applicant_name_last_name_' >presonne r\u00e9f\u00e9rente<\/label><\/div><div class='ff-el-input--content'><input type=\"text\" name=\"applicant_name[last_name]\" id=\"ff_3_applicant_name_last_name_\" class=\"ff-el-form-control\" placeholder=\"nom pr\u00e9nom\" aria-invalid=\"false\" aria-required=true><\/div><\/div><\/div><\/div><\/div><div class='ff-el-group'><div class=\"ff-el-input--label ff-el-is-required asterisk-right\"><label for='ff_3_email' id='label_ff_3_email' aria-label=\"Email\">Email<\/label><\/div><div class='ff-el-input--content'><input type=\"email\" name=\"email\" id=\"ff_3_email\" class=\"ff-el-form-control\" placeholder=\"Email Address\" data-name=\"email\"  aria-invalid=\"false\" aria-required=true><\/div><\/div><div class='ff-el-group'><div class=\"ff-el-input--label ff-el-is-required asterisk-right\"><label for='ff_3_phone' id='label_ff_3_phone' aria-label=\"num\u00e9ro de t\u00e9l\u00e9phone\">num\u00e9ro de t\u00e9l\u00e9phone<\/label><\/div><div class='ff-el-input--content'><input type=\"text\" name=\"phone\" data-mask=\"+33 ## ## ## ## ##\" class=\"ff-el-form-control\" placeholder=\"+33 XX XX XX XX XX\" data-name=\"phone\" id=\"ff_3_phone\"  aria-invalid=\"false\" aria-required=true><\/div><\/div><div class='ff-el-group'><div class=\"ff-el-input--label ff-el-is-required asterisk-right\"><label for='ff_3_performance_description' id='label_ff_3_performance_description' aria-label=\"Performance Description\">Performance Description<\/label><\/div><div class='ff-el-input--content'><textarea aria-required=\"true\" aria-labelledby=\"label_ff_3_performance_description\" name=\"performance_description\" id=\"ff_3_performance_description\" class=\"ff-el-form-control\" placeholder=\"Describe your performance\" rows=\"3\" cols=\"2\" data-name=\"performance_description\" ><\/textarea><\/div><\/div><div class='ff-el-group'><div class=\"ff-el-input--label ff-el-is-required asterisk-right\"><label for='ff_3_video_url' id='label_ff_3_video_url' aria-label=\"Performance Video Link\">Performance Video Link<\/label><\/div><div class='ff-el-input--content'><input type=\"url\" name=\"video_url\" class=\"ff-el-form-control\" placeholder=\"Link to your performance video (YouTube, Vimeo, etc.)\" data-name=\"video_url\" id=\"ff_3_video_url\"  aria-invalid=\"false\" aria-required=true><\/div><\/div><div class='ff-el-group    ff-el-input--content'><div class='ff-el-form-check ff-el-tc'><label aria-label='I have read and agree to the Terms and Conditions and Privacy Policy' class='ff-el-form-check-label ff_tc_label' for=terms-n-condition_00a9427f864fd0faa44c941e6df853db><span class='ff_tc_checkbox'><input type=\"checkbox\" name=\"terms-n-condition\" class=\"ff-el-form-check-input\" data-name=\"terms-n-condition\" id=\"terms-n-condition_00a9427f864fd0faa44c941e6df853db\"  value='on' aria-invalid='false' aria-required=true><\/span> <div class='ff_t_c'>I have read and agree to the Terms and Conditions and Privacy Policy<\/div><\/label><\/div><\/div><div class='ff-el-group ff-text-left ff_submit_btn_wrapper'><button type=\"submit\" class=\"ff-btn ff-btn-submit ff-btn-md ff_btn_style\"  aria-label=\"envoyer ma candidature\">envoyer ma candidature<\/button><\/div><\/fieldset><\/form><div id='fluentform_3_errors' class='ff-errors-in-stack ff_form_instance_3_1 ff-form-loading_errors ff_form_instance_3_1_errors'><\/div><\/div>            <script type=\"text\/javascript\">\n                window.fluent_form_ff_form_instance_3_1 = {\"id\":\"3\",\"settings\":{\"layout\":{\"labelPlacement\":\"top\",\"asteriskPlacement\":\"asterisk-right\",\"helpMessagePlacement\":\"with_label\",\"errorMessagePlacement\":\"inline\",\"cssClassName\":\"\"},\"restrictions\":{\"denyEmptySubmission\":{\"enabled\":false}}},\"form_instance\":\"ff_form_instance_3_1\",\"form_id_selector\":\"fluentform_3\",\"rules\":{\"applicant_name[first_name]\":{\"required\":{\"value\":true,\"message\":\"Ce champ est obligatoire\",\"global_message\":\"Ce champ est obligatoire\",\"global\":true}},\"applicant_name[middle_name]\":{\"required\":{\"value\":false,\"message\":\"Ce champ est obligatoire\",\"global_message\":\"Ce champ est obligatoire\",\"global\":true}},\"applicant_name[last_name]\":{\"required\":{\"value\":true,\"message\":\"Ce champ est obligatoire\",\"global_message\":\"Ce champ est obligatoire\",\"global\":true}},\"email\":{\"required\":{\"value\":true,\"message\":\"Ce champ est obligatoire\",\"global_message\":\"Ce champ est obligatoire\",\"global\":true},\"email\":{\"value\":true,\"message\":\"Ce champ doit contenir un e-mail valide\",\"global_message\":\"Ce champ doit contenir un e-mail valide\",\"global\":true}},\"phone\":{\"required\":{\"value\":true,\"message\":\"Ce champ est obligatoire\",\"global_message\":\"Ce champ est obligatoire\",\"global\":true}},\"performance_description\":{\"required\":{\"value\":true,\"message\":\"Ce champ est obligatoire\",\"global_message\":\"Ce champ est obligatoire\",\"global\":true}},\"video_url\":{\"required\":{\"value\":true,\"message\":\"Ce champ est obligatoire\",\"global_message\":\"Ce champ est obligatoire\",\"global\":true},\"url\":{\"value\":true,\"message\":\"Ce champ doit contenir une URL valide\",\"global_message\":\"Ce champ doit contenir une URL valide\",\"global\":true}},\"terms-n-condition\":{\"required\":{\"value\":true,\"message\":\"Ce champ est obligatoire\",\"global_message\":\"Ce champ est obligatoire\",\"global\":true}}},\"debounce_time\":300};\n                            <\/script>\n            \n\n\n\n<p><\/p>\n","protected":false},"excerpt":{"rendered":"","protected":false},"author":1,"featured_media":0,"parent":0,"menu_order":0,"comment_status":"closed","ping_status":"closed","template":"","meta":{"footnotes":""},"class_list":["post-220","page","type-page","status-publish","hentry"],"_links":{"self":[{"href":"https:\/\/pagora-media.fr\/Groupe1\/wp-json\/wp\/v2\/pages\/220","targetHints":{"allow":["GET"]}}],"collection":[{"href":"https:\/\/pagora-media.fr\/Groupe1\/wp-json\/wp\/v2\/pages"}],"about":[{"href":"https:\/\/pagora-media.fr\/Groupe1\/wp-json\/wp\/v2\/types\/page"}],"author":[{"embeddable":true,"href":"https:\/\/pagora-media.fr\/Groupe1\/wp-json\/wp\/v2\/users\/1"}],"replies":[{"embeddable":true,"href":"https:\/\/pagora-media.fr\/Groupe1\/wp-json\/wp\/v2\/comments?post=220"}],"version-history":[{"count":15,"href":"https:\/\/pagora-media.fr\/Groupe1\/wp-json\/wp\/v2\/pages\/220\/revisions"}],"predecessor-version":[{"id":397,"href":"https:\/\/pagora-media.fr\/Groupe1\/wp-json\/wp\/v2\/pages\/220\/revisions\/397"}],"wp:attachment":[{"href":"https:\/\/pagora-media.fr\/Groupe1\/wp-json\/wp\/v2\/media?parent=220"}],"curies":[{"name":"wp","href":"https:\/\/api.w.org\/{rel}","templated":true}]}}