{"id":2,"date":"2025-12-05T13:00:46","date_gmt":"2025-12-05T12:00:46","guid":{"rendered":"https:\/\/pagora-media.fr\/Groupe1\/?page_id=2"},"modified":"2025-12-12T11:17:22","modified_gmt":"2025-12-12T10:17:22","slug":"partenaires","status":"publish","type":"page","link":"https:\/\/pagora-media.fr\/Groupe1\/partenaires\/","title":{"rendered":"Partenaires"},"content":{"rendered":"\n<div class=\"wp-block-group is-layout-constrained wp-block-group-is-layout-constrained\">\n<h2 class=\"wp-block-heading has-text-align-center\">Devenir partenaire<\/h2>\n\n\n\n<div class=\"wp-block-cover alignwide\" style=\"min-height:251px;aspect-ratio:unset;\"><img loading=\"lazy\" decoding=\"async\" width=\"1024\" height=\"320\" class=\"wp-block-cover__image-background wp-image-51\" alt=\"\" src=\"https:\/\/pagora-media.fr\/Groupe1\/wp-content\/uploads\/2025\/12\/team-banner-1024x320.jpg\" data-object-fit=\"cover\" srcset=\"https:\/\/pagora-media.fr\/Groupe1\/wp-content\/uploads\/2025\/12\/team-banner-1024x320.jpg 1024w, https:\/\/pagora-media.fr\/Groupe1\/wp-content\/uploads\/2025\/12\/team-banner-300x94.jpg 300w, https:\/\/pagora-media.fr\/Groupe1\/wp-content\/uploads\/2025\/12\/team-banner-768x240.jpg 768w, https:\/\/pagora-media.fr\/Groupe1\/wp-content\/uploads\/2025\/12\/team-banner-1536x480.jpg 1536w, https:\/\/pagora-media.fr\/Groupe1\/wp-content\/uploads\/2025\/12\/team-banner.jpg 1920w\" sizes=\"auto, (max-width: 1024px) 100vw, 1024px\" \/><span aria-hidden=\"true\" class=\"wp-block-cover__background has-background-dim\"><\/span><div class=\"wp-block-cover__inner-container is-layout-flow wp-block-cover-is-layout-flow\">\n<p class=\"has-text-align-center has-white-color has-text-color has-link-color has-large-font-size wp-elements-bf35751176f98b764e0b5216ac173589\"><a href=\"https:\/\/pagora-media.fr\/Groupe1\/devenir-partenaire\/\" data-type=\"page\" data-id=\"114\">cliquez ici pour nous rejoindre<\/a><\/p>\n<\/div><\/div>\n<\/div>\n\n\n\n<hr class=\"wp-block-separator has-alpha-channel-opacity\"\/>\n\n\n\n<div class=\"wp-block-group is-layout-constrained wp-block-group-is-layout-constrained\">\n<h2 class=\"wp-block-heading has-text-align-center\">Nos partenaires<\/h2>\n\n\n\n<div class=\"wp-block-group is-layout-grid wp-container-core-group-is-layout-478b6e6b wp-block-group-is-layout-grid\"><div class=\"oxi-addons-container   oxi-addons-flipbox-template-style2\">        <div class=\"oxilab-flip-box-wrapper\">\n                                <div class=\"oxilab-flip-box-col-1 oxilab-flip-box-padding-3\"\n                        sa-data-animation=\"\"\n                        sa-data-animation-offset=\"100%\"\r\n                        sa-data-animation-delay=\"0ms\"\r\n                        sa-data-animation-duration=\" 2000ms\"\n                        >\r\n                        <div class=\" oxilab-flip-box-body-3 oxilab-flip-box-body-3-3\">\n                                                        <div class=\"oxilab-flip-box-body-absulote\">\n                                <div class=\"oxilab-flip-box-flip oxilab-flip-box-flip-top-to-bottom\">\n                                    <div class=\"oxilab-flip-box-style-data easing_easeInOutCirc\">\n                                        <div class=\"oxilab-flip-box-style\">\n                                            <div class=\"oxilab-flip-box-front\">\n                                                <div class=\"oxilab-flip-box-3\">\n                                                    <div class=\"oxilab-flip-box-3-data\">\n                                                        <div class=\"oxilab-icon\">\n                                                            <div class=\"oxilab-icon-data\">\n                                                                        <i class=\" oxi-icons\"><\/i>\n                                                                    <\/div>\n                                                        <\/div>\n                                                        <div class=\"oxilab-heading\">\n                                                            Le P\u2019tit Bun du March\u00e9                                                        <\/div>\n                                                        <div class=\"oxilab-info\">\n                                                                                                                    <\/div>\n                                                    <\/div>\n                                                <\/div>\n                                            <\/div>\n                                            <div class=\"oxilab-flip-box-back\">\n                                                <div class=\"oxilab-flip-box-back-3\">\n                                                    <div class=\"oxilab-flip-box-back-3-data\">\n                                                        <div class=\"oxilab-heading\">\n                                                                                                                    <\/div>\n                                                        <div class=\"oxilab-info\">\n                                                            Ici, on mise sur le go\u00fbt fum\u00e9 et les produits locaux : fromages r\u00e9gionaux, l\u00e9gumes du mara\u00eecher et bi\u00e8res artisanales.                                                        <\/div>\n                                                                                                                    <a href=\"https:\/\/www.burgerking.fr\/\" target=\"\">\n                                                                <span class=\"oxilab-button\">\n                                                                    <span class=\"oxilab-button-data\">\n                                                                        plus d&apos;informations                                                                    <\/span>\n                                                                <\/span>\n                                                            <\/a>\n                                                                                                                <\/div>\n                                                <\/div>\n                                            <\/div>\n                                        <\/div>\n                                    <\/div>\n                                <\/div>\n                            <\/div>\n                                                    <\/div>\n\n                                                \n                    <\/div>\n                    \n        <\/div>\n        <\/div>\n\n\n<div class=\"oxi-addons-container   oxi-addons-flipbox-template-style2\">        <div class=\"oxilab-flip-box-wrapper\">\n                                <div class=\"oxilab-flip-box-col-1 oxilab-flip-box-padding-4\"\n                        sa-data-animation=\"\"\n                        sa-data-animation-offset=\"100%\"\r\n                        sa-data-animation-delay=\"0ms\"\r\n                        sa-data-animation-duration=\" 2000ms\"\n                        >\r\n                        <div class=\" oxilab-flip-box-body-4 oxilab-flip-box-body-4-4\">\n                                                        <div class=\"oxilab-flip-box-body-absulote\">\n                                <div class=\"oxilab-flip-box-flip oxilab-flip-box-flip-top-to-bottom\">\n                                    <div class=\"oxilab-flip-box-style-data easing_easeInOutCirc\">\n                                        <div class=\"oxilab-flip-box-style\">\n                                            <div class=\"oxilab-flip-box-front\">\n                                                <div class=\"oxilab-flip-box-4\">\n                                                    <div class=\"oxilab-flip-box-4-data\">\n                                                        <div class=\"oxilab-icon\">\n                                                            <div class=\"oxilab-icon-data\">\n                                                                        <i class=\" oxi-icons\"><\/i>\n                                                                    <\/div>\n                                                        <\/div>\n                                                        <div class=\"oxilab-heading\">\n                                                            Brasserie des Cimes Grenobloises                                                        <\/div>\n                                                        <div class=\"oxilab-info\">\n                                                                                                                    <\/div>\n                                                    <\/div>\n                                                <\/div>\n                                            <\/div>\n                                            <div class=\"oxilab-flip-box-back\">\n                                                <div class=\"oxilab-flip-box-back-4\">\n                                                    <div class=\"oxilab-flip-box-back-4-data\">\n                                                        <div class=\"oxilab-heading\">\n                                                                                                                    <\/div>\n                                                        <div class=\"oxilab-info\">\n                                                            Brasserie artisanale qui met \u00e0 l\u2019honneur les saveurs alpines en proposent des bi\u00e8res inspir\u00e9es par les saisons et les montagnes environnantes                                                        <\/div>\n                                                                                                                    <a href=\"https:\/\/www.brasserie-chavant.fr\/\" target=\"\">\n                                                                <span class=\"oxilab-button\">\n                                                                    <span class=\"oxilab-button-data\">\n                                                                        plus d&apos;informations                                                                    <\/span>\n                                                                <\/span>\n                                                            <\/a>\n                                                                                                                <\/div>\n                                                <\/div>\n                                            <\/div>\n                                        <\/div>\n                                    <\/div>\n                                <\/div>\n                            <\/div>\n                                                    <\/div>\n\n                                                \n                    <\/div>\n                    \n        <\/div>\n        <\/div>\n\n\n<div class=\"oxi-addons-container   oxi-addons-flipbox-template-style2\">        <div class=\"oxilab-flip-box-wrapper\">\n                                <div class=\"oxilab-flip-box-col-1 oxilab-flip-box-padding-5\"\n                        sa-data-animation=\"\"\n                        sa-data-animation-offset=\"100%\"\r\n                        sa-data-animation-delay=\"0ms\"\r\n                        sa-data-animation-duration=\" 2000ms\"\n                        >\r\n                        <div class=\" oxilab-flip-box-body-5 oxilab-flip-box-body-5-5\">\n                                                        <div class=\"oxilab-flip-box-body-absulote\">\n                                <div class=\"oxilab-flip-box-flip oxilab-flip-box-flip-top-to-bottom\">\n                                    <div class=\"oxilab-flip-box-style-data easing_easeInOutCirc\">\n                                        <div class=\"oxilab-flip-box-style\">\n                                            <div class=\"oxilab-flip-box-front\">\n                                                <div class=\"oxilab-flip-box-5\">\n                                                    <div class=\"oxilab-flip-box-5-data\">\n                                                        <div class=\"oxilab-icon\">\n                                                            <div class=\"oxilab-icon-data\">\n                                                                        <i class=\" oxi-icons\"><\/i>\n                                                                    <\/div>\n                                                        <\/div>\n                                                        <div class=\"oxilab-heading\">\n                                                            Le Refuge du Gratin                                                        <\/div>\n                                                        <div class=\"oxilab-info\">\n                                                                                                                    <\/div>\n                                                    <\/div>\n                                                <\/div>\n                                            <\/div>\n                                            <div class=\"oxilab-flip-box-back\">\n                                                <div class=\"oxilab-flip-box-back-5\">\n                                                    <div class=\"oxilab-flip-box-back-5-data\">\n                                                        <div class=\"oxilab-heading\">\n                                                                                                                    <\/div>\n                                                        <div class=\"oxilab-info\">\n                                                            Restaurant chaleureux qui revisite la cuisine alpine avec une touche moderne. Dans une ambiance bois\u00e9e rappelant un chalet d\u2019altitude.                                                        <\/div>\n                                                                                                                    <a href=\"https:\/\/www.la-petite-grenobloise.fr\/\" target=\"\">\n                                                                <span class=\"oxilab-button\">\n                                                                    <span class=\"oxilab-button-data\">\n                                                                        plus d&apos;informations                                                                    <\/span>\n                                                                <\/span>\n                                                            <\/a>\n                                                                                                                <\/div>\n                                                <\/div>\n                                            <\/div>\n                                        <\/div>\n                                    <\/div>\n                                <\/div>\n                            <\/div>\n                                                    <\/div>\n\n                                                \n                    <\/div>\n                    \n        <\/div>\n        <\/div>\n<\/div>\n<\/div>\n\n\n\n<hr class=\"wp-block-separator has-alpha-channel-opacity\"\/>\n\n\n\n<p><\/p>\n","protected":false},"excerpt":{"rendered":"<p>Devenir partenaire Nos partenaires<\/p>\n","protected":false},"author":1,"featured_media":0,"parent":0,"menu_order":0,"comment_status":"closed","ping_status":"closed","template":"","meta":{"footnotes":""},"class_list":["post-2","page","type-page","status-publish","hentry"],"_links":{"self":[{"href":"https:\/\/pagora-media.fr\/Groupe1\/wp-json\/wp\/v2\/pages\/2","targetHints":{"allow":["GET"]}}],"collection":[{"href":"https:\/\/pagora-media.fr\/Groupe1\/wp-json\/wp\/v2\/pages"}],"about":[{"href":"https:\/\/pagora-media.fr\/Groupe1\/wp-json\/wp\/v2\/types\/page"}],"author":[{"embeddable":true,"href":"https:\/\/pagora-media.fr\/Groupe1\/wp-json\/wp\/v2\/users\/1"}],"replies":[{"embeddable":true,"href":"https:\/\/pagora-media.fr\/Groupe1\/wp-json\/wp\/v2\/comments?post=2"}],"version-history":[{"count":21,"href":"https:\/\/pagora-media.fr\/Groupe1\/wp-json\/wp\/v2\/pages\/2\/revisions"}],"predecessor-version":[{"id":325,"href":"https:\/\/pagora-media.fr\/Groupe1\/wp-json\/wp\/v2\/pages\/2\/revisions\/325"}],"wp:attachment":[{"href":"https:\/\/pagora-media.fr\/Groupe1\/wp-json\/wp\/v2\/media?parent=2"}],"curies":[{"name":"wp","href":"https:\/\/api.w.org\/{rel}","templated":true}]}}